{"id":4838,"date":"2018-08-20T09:56:29","date_gmt":"2018-08-20T09:56:29","guid":{"rendered":"https:\/\/dm-vest.com\/?page_id=4838"},"modified":"2020-12-16T14:36:08","modified_gmt":"2020-12-16T14:36:08","slug":"home-8","status":"publish","type":"page","link":"https:\/\/dm-vest.com\/en\/home-8\/","title":{"rendered":"Home 8"},"content":{"rendered":"<div data-elementor-type=\"wp-post\" data-elementor-id=\"4838\" class=\"elementor elementor-4838\">\n\t\t\t\t\t\t<div class=\"elementor-inner\">\n\t\t\t\t<div class=\"elementor-section-wrap\">\n\t\t\t\t\t\t\t\t\t<section class=\"elementor-section elementor-top-section elementor-element elementor-element-6c90070 elementor-section-stretched elementor-section-height-min-height elementor-section-content-middle elementor-section-boxed elementor-section-height-default elementor-section-items-middle\" data-id=\"6c90070\" data-element_type=\"section\" data-settings=\"{&quot;stretch_section&quot;:&quot;section-stretched&quot;,&quot;background_background&quot;:&quot;classic&quot;}\">\n\t\t\t\t\t\t\t<div class=\"elementor-background-overlay\"><\/div>\n\t\t\t\t\t\t\t<div class=\"elementor-container elementor-column-gap-no\">\n\t\t\t\t\t\t\t<div class=\"elementor-row\">\n\t\t\t\t\t<div class=\"elementor-column elementor-col-50 elementor-top-column elementor-element elementor-element-4fb8ebc\" data-id=\"4fb8ebc\" data-element_type=\"column\">\n\t\t\t<div class=\"elementor-column-wrap\">\n\t\t\t\t\t\t\t<div class=\"elementor-widget-wrap\">\n\t\t\t\t\t\t\t\t<\/div>\n\t\t\t\t\t<\/div>\n\t\t<\/div>\n\t\t\t\t<div class=\"elementor-column elementor-col-50 elementor-top-column elementor-element elementor-element-18d5978\" data-id=\"18d5978\" data-element_type=\"column\">\n\t\t\t<div class=\"elementor-column-wrap elementor-element-populated\">\n\t\t\t\t\t\t\t<div class=\"elementor-widget-wrap\">\n\t\t\t\t\t\t<div class=\"elementor-element elementor-element-294a668 animated-fast elementor-invisible elementor-widget elementor-widget-heading\" data-id=\"294a668\" data-element_type=\"widget\" data-settings=\"{&quot;_animation&quot;:&quot;fadeIn&quot;}\" data-widget_type=\"heading.default\">\n\t\t\t\t<div class=\"elementor-widget-container\">\n\t\t\t<h2 class=\"elementor-heading-title elementor-size-default\">Home textiles that build the environment you are looking for.<\/h2>\t\t<\/div>\n\t\t\t\t<\/div>\n\t\t\t\t\t\t<\/div>\n\t\t\t\t\t<\/div>\n\t\t<\/div>\n\t\t\t\t\t\t\t\t<\/div>\n\t\t\t\t\t<\/div>\n\t\t<\/section>\n\t\t\t\t<section class=\"elementor-section elementor-top-section elementor-element elementor-element-86f692d elementor-section-boxed elementor-section-height-default elementor-section-height-default\" data-id=\"86f692d\" data-element_type=\"section\">\n\t\t\t\t\t\t<div class=\"elementor-container elementor-column-gap-wider\">\n\t\t\t\t\t\t\t<div class=\"elementor-row\">\n\t\t\t\t\t<div class=\"elementor-column elementor-col-66 elementor-top-column elementor-element elementor-element-ab3cac6\" data-id=\"ab3cac6\" data-element_type=\"column\" data-settings=\"{&quot;background_background&quot;:&quot;classic&quot;}\">\n\t\t\t<div class=\"elementor-column-wrap elementor-element-populated\">\n\t\t\t\t\t\t\t<div class=\"elementor-widget-wrap\">\n\t\t\t\t\t\t<div class=\"elementor-element elementor-element-4fc7d2c animated-fast elementor-invisible elementor-widget elementor-widget-text-editor\" data-id=\"4fc7d2c\" data-element_type=\"widget\" data-settings=\"{&quot;_animation&quot;:&quot;fadeInUp&quot;}\" data-widget_type=\"text-editor.default\">\n\t\t\t\t<div class=\"elementor-widget-container\">\n\t\t\t\t\t\t\t\t<div class=\"elementor-text-editor elementor-clearfix\">\n\t\t\t\t<p><span style=\"font-weight: 400;\">DM-Vest is a company dedicated to the development of superior quality textiles for hotel and hospital sector, among others.\u00a0<\/span><\/p><p><span style=\"font-weight: 400;\">With a focus on quality and innovation and ensuring a careful selection of materials, we develop bed, bath and table lines with the commitment of maximum quality, durability and comfort to provide a unique sensory experience.<\/span><\/p>\t\t\t\t\t<\/div>\n\t\t\t\t\t\t<\/div>\n\t\t\t\t<\/div>\n\t\t\t\t<div class=\"elementor-element elementor-element-98786cb animated-fast elementor-invisible elementor-widget elementor-widget-button\" data-id=\"98786cb\" data-element_type=\"widget\" data-settings=\"{&quot;_animation&quot;:&quot;fadeInUp&quot;,&quot;_animation_delay&quot;:200}\" data-widget_type=\"button.default\">\n\t\t\t\t<div class=\"elementor-widget-container\">\n\t\t\t\t\t<div class=\"elementor-button-wrapper\">\n\t\t\t<a href=\"https:\/\/dm-vest.com\/en\/sobre-nos\/\" class=\"elementor-button-link elementor-button elementor-size-sm elementor-animation-shrink\" role=\"button\">\n\t\t\t\t\t\t<span class=\"elementor-button-content-wrapper\">\n\t\t\t\t\t\t<span class=\"elementor-button-text\">More about us<\/span>\n\t\t<\/span>\n\t\t\t\t\t<\/a>\n\t\t<\/div>\n\t\t\t\t<\/div>\n\t\t\t\t<\/div>\n\t\t\t\t\t\t<\/div>\n\t\t\t\t\t<\/div>\n\t\t<\/div>\n\t\t\t\t<div class=\"elementor-column elementor-col-33 elementor-top-column elementor-element elementor-element-9abb051\" data-id=\"9abb051\" data-element_type=\"column\">\n\t\t\t<div class=\"elementor-column-wrap elementor-element-populated\">\n\t\t\t\t\t\t\t<div class=\"elementor-widget-wrap\">\n\t\t\t\t\t\t<div class=\"elementor-element elementor-element-ef3a136 animated-fast elementor-invisible elementor-widget elementor-widget-image\" data-id=\"ef3a136\" data-element_type=\"widget\" data-settings=\"{&quot;_animation&quot;:&quot;fadeIn&quot;}\" data-widget_type=\"image.default\">\n\t\t\t\t<div class=\"elementor-widget-container\">\n\t\t\t\t\t\t\t\t<div class=\"elementor-image\">\n\t\t\t\t\t\t\t\t\t\t\t\t\t<a href=\"https:\/\/dm-vest.com\/wp-content\/uploads\/2020\/12\/Untitled-1-1.jpg\" data-elementor-open-lightbox=\"yes\" data-elementor-lightbox-title=\"Untitled-1\" e-action-hash=\"#elementor-action%3Aaction%3Dlightbox%26settings%3DeyJpZCI6NTEzMywidXJsIjoiaHR0cHM6XC9cL2RtLXZlc3QuY29tXC93cC1jb250ZW50XC91cGxvYWRzXC8yMDIwXC8xMlwvVW50aXRsZWQtMS0xLmpwZyJ9\">\n\t\t\t\t\t\t\t<img width=\"1024\" height=\"1024\" src=\"https:\/\/dm-vest.com\/wp-content\/uploads\/2020\/12\/Untitled-1-1.jpg\" class=\"attachment-large size-large\" alt=\"\" loading=\"lazy\" srcset=\"https:\/\/dm-vest.com\/wp-content\/uploads\/2020\/12\/Untitled-1-1.jpg 1024w, https:\/\/dm-vest.com\/wp-content\/uploads\/2020\/12\/Untitled-1-1-300x300.jpg 300w, https:\/\/dm-vest.com\/wp-content\/uploads\/2020\/12\/Untitled-1-1-150x150.jpg 150w, https:\/\/dm-vest.com\/wp-content\/uploads\/2020\/12\/Untitled-1-1-768x768.jpg 768w, https:\/\/dm-vest.com\/wp-content\/uploads\/2020\/12\/Untitled-1-1-440x440.jpg 440w, https:\/\/dm-vest.com\/wp-content\/uploads\/2020\/12\/Untitled-1-1-610x610.jpg 610w\" sizes=\"(max-width: 1024px) 100vw, 1024px\" \/>\t\t\t\t\t\t\t\t<\/a>\n\t\t\t\t\t\t\t\t\t\t\t\t\t\t<\/div>\n\t\t\t\t\t\t<\/div>\n\t\t\t\t<\/div>\n\t\t\t\t\t\t<\/div>\n\t\t\t\t\t<\/div>\n\t\t<\/div>\n\t\t\t\t\t\t\t\t<\/div>\n\t\t\t\t\t<\/div>\n\t\t<\/section>\n\t\t\t\t<section class=\"elementor-section elementor-top-section elementor-element elementor-element-ecd7034 elementor-section-stretched elementor-section-full_width elementor-section-height-default elementor-section-height-default\" data-id=\"ecd7034\" data-element_type=\"section\" data-settings=\"{&quot;stretch_section&quot;:&quot;section-stretched&quot;,&quot;background_background&quot;:&quot;classic&quot;}\">\n\t\t\t\t\t\t<div class=\"elementor-container elementor-column-gap-default\">\n\t\t\t\t\t\t\t<div class=\"elementor-row\">\n\t\t\t\t\t<div class=\"elementor-column elementor-col-100 elementor-top-column elementor-element elementor-element-edd7554\" data-id=\"edd7554\" data-element_type=\"column\">\n\t\t\t<div class=\"elementor-column-wrap elementor-element-populated\">\n\t\t\t\t\t\t\t<div class=\"elementor-widget-wrap\">\n\t\t\t\t\t\t<div class=\"elementor-element elementor-element-350e9e5 elementor-aspect-ratio-169 elementor-widget elementor-widget-video\" data-id=\"350e9e5\" data-element_type=\"widget\" data-settings=\"{&quot;video_type&quot;:&quot;hosted&quot;,&quot;autoplay&quot;:&quot;yes&quot;,&quot;controls&quot;:&quot;yes&quot;,&quot;aspect_ratio&quot;:&quot;169&quot;}\" data-widget_type=\"video.default\">\n\t\t\t\t<div class=\"elementor-widget-container\">\n\t\t\t\t\t<div class=\"e-hosted-video elementor-wrapper elementor-fit-aspect-ratio elementor-open-inline\">\n\t\t\t\t\t<video class=\"elementor-video\" src=\"http:\/\/dm-vest.wearemateria.com\/wp-content\/uploads\/2020\/10\/DMVest-CoverFB-02.mp4\" autoplay=\"\" controls=\"\" controlslist=\"nodownload\"><\/video>\n\t\t\t\t<\/div>\n\t\t\t\t<\/div>\n\t\t\t\t<\/div>\n\t\t\t\t\t\t<\/div>\n\t\t\t\t\t<\/div>\n\t\t<\/div>\n\t\t\t\t\t\t\t\t<\/div>\n\t\t\t\t\t<\/div>\n\t\t<\/section>\n\t\t\t\t<section class=\"elementor-section elementor-top-section elementor-element elementor-element-abba1f9 elementor-section-stretched elementor-section-boxed elementor-section-height-default elementor-section-height-default\" data-id=\"abba1f9\" data-element_type=\"section\" data-settings=\"{&quot;stretch_section&quot;:&quot;section-stretched&quot;,&quot;background_background&quot;:&quot;classic&quot;}\">\n\t\t\t\t\t\t<div class=\"elementor-container elementor-column-gap-default\">\n\t\t\t\t\t\t\t<div class=\"elementor-row\">\n\t\t\t\t\t<div class=\"elementor-column elementor-col-100 elementor-top-column elementor-element elementor-element-8f3b8a4\" data-id=\"8f3b8a4\" data-element_type=\"column\">\n\t\t\t<div class=\"elementor-column-wrap elementor-element-populated\">\n\t\t\t\t\t\t\t<div class=\"elementor-widget-wrap\">\n\t\t\t\t\t\t<div class=\"elementor-element elementor-element-7cdd9a6 animated-fast elementor-invisible elementor-widget elementor-widget-text-editor\" data-id=\"7cdd9a6\" data-element_type=\"widget\" data-settings=\"{&quot;_animation&quot;:&quot;fadeInUp&quot;}\" data-widget_type=\"text-editor.default\">\n\t\t\t\t<div class=\"elementor-widget-container\">\n\t\t\t\t\t\t\t\t<div class=\"elementor-text-editor elementor-clearfix\">\n\t\t\t\t<p>Meet our<\/p>\t\t\t\t\t<\/div>\n\t\t\t\t\t\t<\/div>\n\t\t\t\t<\/div>\n\t\t\t\t<div class=\"elementor-element elementor-element-ec4b28d animated-fast elementor-invisible elementor-widget elementor-widget-heading\" data-id=\"ec4b28d\" data-element_type=\"widget\" data-settings=\"{&quot;_animation&quot;:&quot;fadeInUp&quot;,&quot;_animation_delay&quot;:200}\" data-widget_type=\"heading.default\">\n\t\t\t\t<div class=\"elementor-widget-container\">\n\t\t\t<h2 class=\"elementor-heading-title elementor-size-default\">Hotel Solutions<\/h2>\t\t<\/div>\n\t\t\t\t<\/div>\n\t\t\t\t<div class=\"elementor-element elementor-element-6bb7fef animated-fast elementor-invisible elementor-widget elementor-widget-architecturer-portfolio-masonry\" data-id=\"6bb7fef\" data-element_type=\"widget\" data-settings=\"{&quot;_animation&quot;:&quot;fadeIn&quot;,&quot;_animation_delay&quot;:400}\" data-widget_type=\"architecturer-portfolio-masonry.default\">\n\t\t\t\t<div class=\"elementor-widget-container\">\n\t\t\t<div class=\"portfolio_masonry_container\">\n<div class=\"portfolio_masonry_content_wrapper gallery_grid_content_wrapper do_masonry portfolio_masonry layout_tg_two_cols\" data-cols=\"2\">\n\t\t<div class=\"portfolio_masonry_grid_wrapper gallery_grid_item tg_two_cols   portfolio-1 tile scale-anm  all no_filter\">\n\t\t\t<div class=\"portfolio_masonry_img\">\n\t\t\t\t<img src=\"https:\/\/dm-vest.com\/wp-content\/uploads\/2020\/10\/3-4.jpg\" alt=\"\" \/>\n\t\t\t<\/div>\n\n\t\t\t<figcaption>\n\t\t\t\t<div class=\"border one\">\n\t\t\t      <div><\/div>\n\t\t\t    <\/div>\n\t\t\t    <div class=\"border two\">\n\t\t\t      <div><\/div>\n\t\t\t    <\/div>\n\t\t\t\t<div class=\"portfolio_masonry_content\">\n\t\t\t\t\t<h3>We are specialists in the manufacture of products that incorporate a distinct quality and vast durability.<\/h3>\n\t\t\t\t\t<div class=\"portfolio_masonry_subtitle\"><\/div>\n\t\t\t\t<\/div>\n\t\t\t<\/figcaption><a href=\"\"  ><\/a>\n\t\t<\/div>\n\t\t<div class=\"portfolio_masonry_grid_wrapper gallery_grid_item tg_two_cols last  portfolio-2 tile scale-anm  all no_filter\">\n\t\t\t<div class=\"portfolio_masonry_img\">\n\t\t\t\t<img src=\"https:\/\/dm-vest.com\/wp-content\/uploads\/2020\/12\/MG_4786.jpg\" alt=\"\" \/>\n\t\t\t<\/div>\n\n\t\t\t<figcaption>\n\t\t\t\t<div class=\"border one\">\n\t\t\t      <div><\/div>\n\t\t\t    <\/div>\n\t\t\t    <div class=\"border two\">\n\t\t\t      <div><\/div>\n\t\t\t    <\/div>\n\t\t\t\t<div class=\"portfolio_masonry_content\">\n\t\t\t\t\t<h3>Authenticity and good taste<\/h3>\n\t\t\t\t\t<div class=\"portfolio_masonry_subtitle\"><\/div>\n\t\t\t\t<\/div>\n\t\t\t<\/figcaption><a href=\"\"  ><\/a>\n\t\t<\/div>\n\t\t<div class=\"portfolio_masonry_grid_wrapper gallery_grid_item tg_two_cols   portfolio-3 tile scale-anm  all no_filter\">\n\t\t\t<div class=\"portfolio_masonry_img\">\n\t\t\t\t<img src=\"https:\/\/dm-vest.com\/wp-content\/uploads\/2020\/10\/4-4.jpg\" alt=\"\" \/>\n\t\t\t<\/div>\n\n\t\t\t<figcaption>\n\t\t\t\t<div class=\"border one\">\n\t\t\t      <div><\/div>\n\t\t\t    <\/div>\n\t\t\t    <div class=\"border two\">\n\t\t\t      <div><\/div>\n\t\t\t    <\/div>\n\t\t\t\t<div class=\"portfolio_masonry_content\">\n\t\t\t\t\t<h3>Comfort and D\u00e9cor<\/h3>\n\t\t\t\t\t<div class=\"portfolio_masonry_subtitle\"><\/div>\n\t\t\t\t<\/div>\n\t\t\t<\/figcaption><a href=\"\"  ><\/a>\n\t\t<\/div>\n\t\t<div class=\"portfolio_masonry_grid_wrapper gallery_grid_item tg_two_cols last  portfolio-4 tile scale-anm  all no_filter\">\n\t\t\t<div class=\"portfolio_masonry_img\">\n\t\t\t\t<img src=\"https:\/\/dm-vest.com\/wp-content\/uploads\/2020\/10\/2-4.jpg\" alt=\"\" \/>\n\t\t\t<\/div>\n\n\t\t\t<figcaption>\n\t\t\t\t<div class=\"border one\">\n\t\t\t      <div><\/div>\n\t\t\t    <\/div>\n\t\t\t    <div class=\"border two\">\n\t\t\t      <div><\/div>\n\t\t\t    <\/div>\n\t\t\t\t<div class=\"portfolio_masonry_content\">\n\t\t\t\t\t<h3>We create the best home textile solutions for hotels and other sectors, focusing on quality production and innovating according to the needs of our customers.<\/h3>\n\t\t\t\t\t<div class=\"portfolio_masonry_subtitle\"><\/div>\n\t\t\t\t<\/div>\n\t\t\t<\/figcaption><a href=\"\"  ><\/a>\n\t\t<\/div>\n<\/div>\n<\/div>\t\t<\/div>\n\t\t\t\t<\/div>\n\t\t\t\t\t\t<\/div>\n\t\t\t\t\t<\/div>\n\t\t<\/div>\n\t\t\t\t\t\t\t\t<\/div>\n\t\t\t\t\t<\/div>\n\t\t<\/section>\n\t\t\t\t<section class=\"elementor-section elementor-top-section elementor-element elementor-element-5262924 elementor-section-stretched elementor-section-full_width elementor-section-height-default elementor-section-height-default\" data-id=\"5262924\" data-element_type=\"section\" data-settings=\"{&quot;stretch_section&quot;:&quot;section-stretched&quot;}\">\n\t\t\t\t\t\t<div class=\"elementor-container elementor-column-gap-default\">\n\t\t\t\t\t\t\t<div class=\"elementor-row\">\n\t\t\t\t\t<div class=\"elementor-column elementor-col-100 elementor-top-column elementor-element elementor-element-2502213\" data-id=\"2502213\" data-element_type=\"column\">\n\t\t\t<div class=\"elementor-column-wrap elementor-element-populated\">\n\t\t\t\t\t\t\t<div class=\"elementor-widget-wrap\">\n\t\t\t\t\t\t<div class=\"elementor-element elementor-element-c294a79 elementor-widget elementor-widget-architecturer-background-list\" data-id=\"c294a79\" data-element_type=\"widget\" data-widget_type=\"architecturer-background-list.default\">\n\t\t\t\t<div class=\"elementor-widget-container\">\n\t\t\t<div class=\"tg_background_list_wrapper four_cols\">\n\t\t<div class=\"tg_background_list_column\">\n\t\t\t<div class=\"tg_background_list_content\">\n\t\t\t\t<div class=\"tg_background_list_title\">\n\t\t\t\t\t<h3>Bed<\/h3>\n\t\t\t\t<\/div>\n\t\t\t\t\n\t\t\t\t<div class=\"tg_background_list_link\">\n\t\t\t\t\t<div class=\"tg_background_list_desc\">Transform each room into a resting temple by adding the most suitable bedding for your style.\n<\/div>\n\t\t\t\t\t\t\t\t        <a class=\"button ghost\" href=\"https:\/\/dm-vest.com\/en\/showroom-produtos-cama\/\" >To know more<\/a>\n\t\t\t        \t\t\t\t<\/div>\n\t\t\t<\/div>\n\t\t<\/div>\n\t\t<figure class=\"tg_background_img hover\">\n\t\t\t<div class=\"tg_background_list_overlay\"><\/div>\n\t\t\t<img src=\"http:\/\/dm-vest.wearemateria.com\/wp-content\/uploads\/2020\/10\/cama.jpg\" alt=\"\" \/>\n\t\t<\/figure>\n\t\t<div class=\"tg_background_list_column\">\n\t\t\t<div class=\"tg_background_list_content\">\n\t\t\t\t<div class=\"tg_background_list_title\">\n\t\t\t\t\t<h3>Bath<\/h3>\n\t\t\t\t<\/div>\n\t\t\t\t\n\t\t\t\t<div class=\"tg_background_list_link\">\n\t\t\t\t\t<div class=\"tg_background_list_desc\">Choose from a wide variety of bath sets, rugs and bathrobes for a moment of sublime relaxation.<\/div>\n\t\t\t\t\t\t\t\t        <a class=\"button ghost\" href=\"https:\/\/dm-vest.com\/en\/showroom-produtos-banho\/\" >To know more<\/a>\n\t\t\t        \t\t\t\t<\/div>\n\t\t\t<\/div>\n\t\t<\/div>\n\t\t<figure class=\"tg_background_img\">\n\t\t\t<div class=\"tg_background_list_overlay\"><\/div>\n\t\t\t<img src=\"http:\/\/dm-vest.wearemateria.com\/wp-content\/uploads\/2020\/10\/banho.jpg\" alt=\"\" \/>\n\t\t<\/figure>\n\t\t<div class=\"tg_background_list_column\">\n\t\t\t<div class=\"tg_background_list_content\">\n\t\t\t\t<div class=\"tg_background_list_title\">\n\t\t\t\t\t<h3>Table<\/h3>\n\t\t\t\t<\/div>\n\t\t\t\t\n\t\t\t\t<div class=\"tg_background_list_link\">\n\t\t\t\t\t<div class=\"tg_background_list_desc\">Find the largest offer of textiles with everything you need for your table and dining area.<\/div>\n\t\t\t\t\t\t\t\t        <a class=\"button ghost\" href=\"https:\/\/dm-vest.com\/en\/showroom-produtos-mesa\/\" >To know more<\/a>\n\t\t\t        \t\t\t\t<\/div>\n\t\t\t<\/div>\n\t\t<\/div>\n\t\t<figure class=\"tg_background_img\">\n\t\t\t<div class=\"tg_background_list_overlay\"><\/div>\n\t\t\t<img src=\"http:\/\/dm-vest.wearemateria.com\/wp-content\/uploads\/2020\/10\/mesa1.jpg\" alt=\"\" \/>\n\t\t<\/figure>\n\t\t<div class=\"tg_background_list_column last\">\n\t\t\t<div class=\"tg_background_list_content\">\n\t\t\t\t<div class=\"tg_background_list_title\">\n\t\t\t\t\t<h3>Spa<\/h3>\n\t\t\t\t<\/div>\n\t\t\t\t\n\t\t\t\t<div class=\"tg_background_list_link\">\n\t\t\t\t\t<div class=\"tg_background_list_desc\">A relaxing moment must be accompanied by the best materials.<\/div>\n\t\t\t\t\t\t\t\t        <a class=\"button ghost\" href=\"https:\/\/dm-vest.com\/en\/toalhas-de-piscina\/\" >To know more<\/a>\n\t\t\t        \t\t\t\t<\/div>\n\t\t\t<\/div>\n\t\t<\/div>\n\t\t<figure class=\"tg_background_img\">\n\t\t\t<div class=\"tg_background_list_overlay\"><\/div>\n\t\t\t<img src=\"http:\/\/dm-vest.wearemateria.com\/wp-content\/uploads\/2020\/10\/spa.jpg\" alt=\"\" \/>\n\t\t<\/figure>\n<\/div>\n\t\t<\/div>\n\t\t\t\t<\/div>\n\t\t\t\t\t\t<\/div>\n\t\t\t\t\t<\/div>\n\t\t<\/div>\n\t\t\t\t\t\t\t\t<\/div>\n\t\t\t\t\t<\/div>\n\t\t<\/section>\n\t\t\t\t\t\t\t\t\t<\/div>\n\t\t\t<\/div>\n\t\t\t\t\t<\/div>","protected":false},"excerpt":{"rendered":"<p>T\u00eaxteis lar que constroem o ambiente que procura. A DM-Vest \u00e9 uma empresa dedicada ao desenvolvimento de t\u00eaxteis de qualidade superior para os setores hoteleiro, hospitalar e outros.\u00a0 Com foco na inova\u00e7\u00e3o e qualidade e garantindo uma cuidadosa sele\u00e7\u00e3o de [&hellip;]<\/p>","protected":false},"author":1,"featured_media":0,"parent":0,"menu_order":0,"comment_status":"closed","ping_status":"closed","template":"","meta":[],"_links":{"self":[{"href":"https:\/\/dm-vest.com\/en\/wp-json\/wp\/v2\/pages\/4838"}],"collection":[{"href":"https:\/\/dm-vest.com\/en\/wp-json\/wp\/v2\/pages"}],"about":[{"href":"https:\/\/dm-vest.com\/en\/wp-json\/wp\/v2\/types\/page"}],"author":[{"embeddable":true,"href":"https:\/\/dm-vest.com\/en\/wp-json\/wp\/v2\/users\/1"}],"replies":[{"embeddable":true,"href":"https:\/\/dm-vest.com\/en\/wp-json\/wp\/v2\/comments?post=4838"}],"version-history":[{"count":46,"href":"https:\/\/dm-vest.com\/en\/wp-json\/wp\/v2\/pages\/4838\/revisions"}],"predecessor-version":[{"id":5312,"href":"https:\/\/dm-vest.com\/en\/wp-json\/wp\/v2\/pages\/4838\/revisions\/5312"}],"wp:attachment":[{"href":"https:\/\/dm-vest.com\/en\/wp-json\/wp\/v2\/media?parent=4838"}],"curies":[{"name":"wp","href":"https:\/\/api.w.org\/{rel}","templated":true}]}}