{"id":5404,"date":"2021-10-20T15:10:22","date_gmt":"2021-10-20T15:10:22","guid":{"rendered":"https:\/\/dm-vest.com\/?page_id=5404"},"modified":"2022-02-28T15:15:53","modified_gmt":"2022-02-28T15:15:53","slug":"sobre-a-dm-vest","status":"publish","type":"page","link":"https:\/\/dm-vest.com\/en\/sobre-a-dm-vest\/","title":{"rendered":"About Us"},"content":{"rendered":"<div data-elementor-type=\"wp-page\" data-elementor-id=\"5404\" class=\"elementor elementor-5404\">\n\t\t\t\t\t\t<div class=\"elementor-inner\">\n\t\t\t\t<div class=\"elementor-section-wrap\">\n\t\t\t\t\t\t\t\t\t<section class=\"elementor-section elementor-top-section elementor-element elementor-element-fa02ce0 elementor-section-full_width elementor-section-stretched elementor-section-height-default elementor-section-height-default\" data-id=\"fa02ce0\" data-element_type=\"section\" data-settings=\"{&quot;stretch_section&quot;:&quot;section-stretched&quot;,&quot;background_background&quot;:&quot;classic&quot;}\">\n\t\t\t\t\t\t\t<div class=\"elementor-background-overlay\"><\/div>\n\t\t\t\t\t\t\t<div class=\"elementor-container elementor-column-gap-default\">\n\t\t\t\t\t\t\t<div class=\"elementor-row\">\n\t\t\t\t\t<div class=\"elementor-column elementor-col-100 elementor-top-column elementor-element elementor-element-6fd80da\" data-id=\"6fd80da\" data-element_type=\"column\">\n\t\t\t<div class=\"elementor-column-wrap elementor-element-populated\">\n\t\t\t\t\t\t\t<div class=\"elementor-widget-wrap\">\n\t\t\t\t\t\t<div class=\"elementor-element elementor-element-82bbf8d elementor-widget elementor-widget-heading\" data-id=\"82bbf8d\" data-element_type=\"widget\" data-widget_type=\"heading.default\">\n\t\t\t\t<div class=\"elementor-widget-container\">\n\t\t\t<h1 class=\"elementor-heading-title elementor-size-default\">About Us<\/h1>\t\t<\/div>\n\t\t\t\t<\/div>\n\t\t\t\t\t\t<\/div>\n\t\t\t\t\t<\/div>\n\t\t<\/div>\n\t\t\t\t\t\t\t\t<\/div>\n\t\t\t\t\t<\/div>\n\t\t<\/section>\n\t\t\t\t<section class=\"elementor-section elementor-top-section elementor-element elementor-element-fcaf8dc elementor-hidden-phone elementor-section-boxed elementor-section-height-default elementor-section-height-default\" data-id=\"fcaf8dc\" data-element_type=\"section\">\n\t\t\t\t\t\t<div class=\"elementor-container elementor-column-gap-default\">\n\t\t\t\t\t\t\t<div class=\"elementor-row\">\n\t\t\t\t\t<div class=\"elementor-column elementor-col-100 elementor-top-column elementor-element elementor-element-3400dca\" data-id=\"3400dca\" data-element_type=\"column\">\n\t\t\t<div class=\"elementor-column-wrap elementor-element-populated\">\n\t\t\t\t\t\t\t<div class=\"elementor-widget-wrap\">\n\t\t\t\t\t\t<div class=\"elementor-element elementor-element-0e21f78 elementor-widget elementor-widget-text-editor\" data-id=\"0e21f78\" data-element_type=\"widget\" data-widget_type=\"text-editor.default\">\n\t\t\t\t<div class=\"elementor-widget-container\">\n\t\t\t\t\t\t\t\t<div class=\"elementor-text-editor elementor-clearfix\">\n\t\t\t\t<h3>DM-Vest is a company dedicated to the development of superior quality textiles for hotel and hospital sector, among others. With a focus on quality and innovation and ensuring a careful selection of materials, we develop bed, bath and table lines with the commitment of maximum quality, durability and comfort to provide a unique sensory experience.<\/h4>\t\t\t\t\t<\/div>\n\t\t\t\t\t\t<\/div>\n\t\t\t\t<\/div>\n\t\t\t\t\t\t<\/div>\n\t\t\t\t\t<\/div>\n\t\t<\/div>\n\t\t\t\t\t\t\t\t<\/div>\n\t\t\t\t\t<\/div>\n\t\t<\/section>\n\t\t\t\t<section class=\"elementor-section elementor-top-section elementor-element elementor-element-98a4427 elementor-hidden-desktop elementor-hidden-tablet elementor-section-boxed elementor-section-height-default elementor-section-height-default\" data-id=\"98a4427\" data-element_type=\"section\">\n\t\t\t\t\t\t<div class=\"elementor-container elementor-column-gap-default\">\n\t\t\t\t\t\t\t<div class=\"elementor-row\">\n\t\t\t\t\t<div class=\"elementor-column elementor-col-100 elementor-top-column elementor-element elementor-element-2b21a35\" data-id=\"2b21a35\" data-element_type=\"column\">\n\t\t\t<div class=\"elementor-column-wrap elementor-element-populated\">\n\t\t\t\t\t\t\t<div class=\"elementor-widget-wrap\">\n\t\t\t\t\t\t<div class=\"elementor-element elementor-element-ada1203 elementor-widget elementor-widget-text-editor\" data-id=\"ada1203\" data-element_type=\"widget\" data-widget_type=\"text-editor.default\">\n\t\t\t\t<div class=\"elementor-widget-container\">\n\t\t\t\t\t\t\t\t<div class=\"elementor-text-editor elementor-clearfix\">\n\t\t\t\t<h5>DM-Vest is a company dedicated to the development of superior quality textiles for hotel and hospital sector, among others. With a focus on quality and innovation and ensuring a careful selection of materials, we develop bed, bath and table lines with the commitment of maximum quality, durability and comfort to provide a unique sensory experience.<\/h5>\t\t\t\t\t<\/div>\n\t\t\t\t\t\t<\/div>\n\t\t\t\t<\/div>\n\t\t\t\t\t\t<\/div>\n\t\t\t\t\t<\/div>\n\t\t<\/div>\n\t\t\t\t\t\t\t\t<\/div>\n\t\t\t\t\t<\/div>\n\t\t<\/section>\n\t\t\t\t<section class=\"elementor-section elementor-top-section elementor-element elementor-element-33519a1 elementor-section-boxed elementor-section-height-default elementor-section-height-default\" data-id=\"33519a1\" data-element_type=\"section\">\n\t\t\t\t\t\t<div class=\"elementor-container elementor-column-gap-default\">\n\t\t\t\t\t\t\t<div class=\"elementor-row\">\n\t\t\t\t\t<div class=\"elementor-column elementor-col-33 elementor-top-column elementor-element elementor-element-218ea43\" data-id=\"218ea43\" data-element_type=\"column\">\n\t\t\t<div class=\"elementor-column-wrap elementor-element-populated\">\n\t\t\t\t\t\t\t<div class=\"elementor-widget-wrap\">\n\t\t\t\t\t\t<div class=\"elementor-element elementor-element-a458b4b elementor-widget elementor-widget-heading\" data-id=\"a458b4b\" data-element_type=\"widget\" data-widget_type=\"heading.default\">\n\t\t\t\t<div class=\"elementor-widget-container\">\n\t\t\t<h2 class=\"elementor-heading-title elementor-size-default\">Quality<\/h2>\t\t<\/div>\n\t\t\t\t<\/div>\n\t\t\t\t<div class=\"elementor-element elementor-element-bd598f0 elementor-widget elementor-widget-image\" data-id=\"bd598f0\" data-element_type=\"widget\" data-widget_type=\"image.default\">\n\t\t\t\t<div class=\"elementor-widget-container\">\n\t\t\t\t\t\t\t\t<div class=\"elementor-image\">\n\t\t\t\t\t\t\t\t\t\t\t\t<img width=\"600\" height=\"365\" src=\"https:\/\/dm-vest.com\/wp-content\/uploads\/2020\/10\/sobre_design.jpg\" class=\"attachment-large size-large\" alt=\"\" loading=\"lazy\" srcset=\"https:\/\/dm-vest.com\/wp-content\/uploads\/2020\/10\/sobre_design.jpg 600w, https:\/\/dm-vest.com\/wp-content\/uploads\/2020\/10\/sobre_design-300x183.jpg 300w, https:\/\/dm-vest.com\/wp-content\/uploads\/2020\/10\/sobre_design-440x268.jpg 440w\" sizes=\"(max-width: 600px) 100vw, 600px\" \/>\t\t\t\t\t\t\t\t\t\t\t\t\t\t<\/div>\n\t\t\t\t\t\t<\/div>\n\t\t\t\t<\/div>\n\t\t\t\t<div class=\"elementor-element elementor-element-da207d2 elementor-widget elementor-widget-text-editor\" data-id=\"da207d2\" data-element_type=\"widget\" data-widget_type=\"text-editor.default\">\n\t\t\t\t<div class=\"elementor-widget-container\">\n\t\t\t\t\t\t\t\t<div class=\"elementor-text-editor elementor-clearfix\">\n\t\t\t\t<p>The fulfillment of demanding standards of excellence make us a reference in textiles and clothing for the hospitality, hospital environments, among others.<\/p>\t\t\t\t\t<\/div>\n\t\t\t\t\t\t<\/div>\n\t\t\t\t<\/div>\n\t\t\t\t\t\t<\/div>\n\t\t\t\t\t<\/div>\n\t\t<\/div>\n\t\t\t\t<div class=\"elementor-column elementor-col-33 elementor-top-column elementor-element elementor-element-f19c4bc\" data-id=\"f19c4bc\" data-element_type=\"column\">\n\t\t\t<div class=\"elementor-column-wrap elementor-element-populated\">\n\t\t\t\t\t\t\t<div class=\"elementor-widget-wrap\">\n\t\t\t\t\t\t<div class=\"elementor-element elementor-element-c7c4ad0 elementor-widget elementor-widget-heading\" data-id=\"c7c4ad0\" data-element_type=\"widget\" data-widget_type=\"heading.default\">\n\t\t\t\t<div class=\"elementor-widget-container\">\n\t\t\t<h2 class=\"elementor-heading-title elementor-size-default\">Durability<\/h2>\t\t<\/div>\n\t\t\t\t<\/div>\n\t\t\t\t<div class=\"elementor-element elementor-element-1632005 elementor-widget elementor-widget-image\" data-id=\"1632005\" data-element_type=\"widget\" data-widget_type=\"image.default\">\n\t\t\t\t<div class=\"elementor-widget-container\">\n\t\t\t\t\t\t\t\t<div class=\"elementor-image\">\n\t\t\t\t\t\t\t\t\t\t\t\t<img width=\"600\" height=\"365\" src=\"https:\/\/dm-vest.com\/wp-content\/uploads\/2020\/10\/sobre_durabilidade.jpg\" class=\"attachment-large size-large\" alt=\"\" loading=\"lazy\" srcset=\"https:\/\/dm-vest.com\/wp-content\/uploads\/2020\/10\/sobre_durabilidade.jpg 600w, https:\/\/dm-vest.com\/wp-content\/uploads\/2020\/10\/sobre_durabilidade-300x183.jpg 300w, https:\/\/dm-vest.com\/wp-content\/uploads\/2020\/10\/sobre_durabilidade-440x268.jpg 440w\" sizes=\"(max-width: 600px) 100vw, 600px\" \/>\t\t\t\t\t\t\t\t\t\t\t\t\t\t<\/div>\n\t\t\t\t\t\t<\/div>\n\t\t\t\t<\/div>\n\t\t\t\t<div class=\"elementor-element elementor-element-eb1f48c elementor-widget elementor-widget-text-editor\" data-id=\"eb1f48c\" data-element_type=\"widget\" data-widget_type=\"text-editor.default\">\n\t\t\t\t<div class=\"elementor-widget-container\">\n\t\t\t\t\t\t\t\t<div class=\"elementor-text-editor elementor-clearfix\">\n\t\t\t\t<p>All collections are designed with the purpose of obtaining products of extraordinary resistance, capable of persisting to the intense wear and tear to which they are subjected.<\/p>\t\t\t\t\t<\/div>\n\t\t\t\t\t\t<\/div>\n\t\t\t\t<\/div>\n\t\t\t\t\t\t<\/div>\n\t\t\t\t\t<\/div>\n\t\t<\/div>\n\t\t\t\t<div class=\"elementor-column elementor-col-33 elementor-top-column elementor-element elementor-element-0ee657b\" data-id=\"0ee657b\" data-element_type=\"column\">\n\t\t\t<div class=\"elementor-column-wrap elementor-element-populated\">\n\t\t\t\t\t\t\t<div class=\"elementor-widget-wrap\">\n\t\t\t\t\t\t<div class=\"elementor-element elementor-element-0f0886c elementor-widget elementor-widget-heading\" data-id=\"0f0886c\" data-element_type=\"widget\" data-widget_type=\"heading.default\">\n\t\t\t\t<div class=\"elementor-widget-container\">\n\t\t\t<h2 class=\"elementor-heading-title elementor-size-default\">Design<\/h2>\t\t<\/div>\n\t\t\t\t<\/div>\n\t\t\t\t<div class=\"elementor-element elementor-element-bd410c5 elementor-widget elementor-widget-image\" data-id=\"bd410c5\" data-element_type=\"widget\" data-widget_type=\"image.default\">\n\t\t\t\t<div class=\"elementor-widget-container\">\n\t\t\t\t\t\t\t\t<div class=\"elementor-image\">\n\t\t\t\t\t\t\t\t\t\t\t\t<img width=\"600\" height=\"365\" src=\"https:\/\/dm-vest.com\/wp-content\/uploads\/2020\/10\/sobre_qualidade.jpg\" class=\"attachment-large size-large\" alt=\"\" loading=\"lazy\" srcset=\"https:\/\/dm-vest.com\/wp-content\/uploads\/2020\/10\/sobre_qualidade.jpg 600w, https:\/\/dm-vest.com\/wp-content\/uploads\/2020\/10\/sobre_qualidade-300x183.jpg 300w, https:\/\/dm-vest.com\/wp-content\/uploads\/2020\/10\/sobre_qualidade-440x268.jpg 440w\" sizes=\"(max-width: 600px) 100vw, 600px\" \/>\t\t\t\t\t\t\t\t\t\t\t\t\t\t<\/div>\n\t\t\t\t\t\t<\/div>\n\t\t\t\t<\/div>\n\t\t\t\t<div class=\"elementor-element elementor-element-90d72d4 elementor-widget elementor-widget-text-editor\" data-id=\"90d72d4\" data-element_type=\"widget\" data-widget_type=\"text-editor.default\">\n\t\t\t\t<div class=\"elementor-widget-container\">\n\t\t\t\t\t\t\t\t<div class=\"elementor-text-editor elementor-clearfix\">\n\t\t\t\t<p>The focus on innovation and the passion for detail make DM-Vest products the perfect combination of design and quality, resulting in the creation of unique products.<\/p>\t\t\t\t\t<\/div>\n\t\t\t\t\t\t<\/div>\n\t\t\t\t<\/div>\n\t\t\t\t\t\t<\/div>\n\t\t\t\t\t<\/div>\n\t\t<\/div>\n\t\t\t\t\t\t\t\t<\/div>\n\t\t\t\t\t<\/div>\n\t\t<\/section>\n\t\t\t\t<section class=\"elementor-section elementor-top-section elementor-element elementor-element-f22cb5b elementor-section-boxed elementor-section-height-default elementor-section-height-default\" data-id=\"f22cb5b\" data-element_type=\"section\">\n\t\t\t\t\t\t<div class=\"elementor-container elementor-column-gap-default\">\n\t\t\t\t\t\t\t<div class=\"elementor-row\">\n\t\t\t\t\t<div class=\"elementor-column elementor-col-100 elementor-top-column elementor-element elementor-element-c00b2a4\" data-id=\"c00b2a4\" data-element_type=\"column\">\n\t\t\t<div class=\"elementor-column-wrap elementor-element-populated\">\n\t\t\t\t\t\t\t<div class=\"elementor-widget-wrap\">\n\t\t\t\t\t\t<div class=\"elementor-element elementor-element-7153608 gallery-spacing-custom sobre elementor-widget elementor-widget-image-gallery\" data-id=\"7153608\" data-element_type=\"widget\" data-widget_type=\"image-gallery.default\">\n\t\t\t\t<div class=\"elementor-widget-container\">\n\t\t\t\t\t<div class=\"elementor-image-gallery\">\n\t\t\t\n\t\t<style type=\"text\/css\">\n\t\t\t#gallery-1 {\n\t\t\t\tmargin: auto;\n\t\t\t}\n\t\t\t#gallery-1 .gallery-item {\n\t\t\t\tfloat: left;\n\t\t\t\tmargin-top: 10px;\n\t\t\t\ttext-align: center;\n\t\t\t\twidth: 33%;\n\t\t\t}\n\t\t\t#gallery-1 img {\n\t\t\t\tborder: 2px solid #cfcfcf;\n\t\t\t}\n\t\t\t#gallery-1 .gallery-caption {\n\t\t\t\tmargin-left: 0;\n\t\t\t}\n\t\t\t\/* see gallery_shortcode() in wp-includes\/media.php *\/\n\t\t<\/style>\n\t\t<div id='gallery-1' class='gallery galleryid-5404 gallery-columns-3 gallery-size-full'><dl class='gallery-item'>\n\t\t\t<dt class='gallery-icon landscape'>\n\t\t\t\t<a data-elementor-open-lightbox=\"yes\" data-elementor-lightbox-slideshow=\"7153608\" data-elementor-lightbox-title=\"post-grid-~3\" e-action-hash=\"#elementor-action%3Aaction%3Dlightbox%26settings%3DeyJpZCI6NDg3MCwidXJsIjoiaHR0cHM6XC9cL2RtLXZlc3QuY29tXC93cC1jb250ZW50XC91cGxvYWRzXC8yMDIwXC8xMFwvcG9zdC1ncmlkLTMuanBnIiwic2xpZGVzaG93IjoiNzE1MzYwOCJ9\" href='https:\/\/dm-vest.com\/wp-content\/uploads\/2020\/10\/post-grid-3.jpg'><img width=\"768\" height=\"768\" src=\"https:\/\/dm-vest.com\/wp-content\/uploads\/2020\/10\/post-grid-3.jpg\" class=\"attachment-full size-full\" alt=\"\" loading=\"lazy\" srcset=\"https:\/\/dm-vest.com\/wp-content\/uploads\/2020\/10\/post-grid-3.jpg 768w, https:\/\/dm-vest.com\/wp-content\/uploads\/2020\/10\/post-grid-3-300x300.jpg 300w, https:\/\/dm-vest.com\/wp-content\/uploads\/2020\/10\/post-grid-3-150x150.jpg 150w, https:\/\/dm-vest.com\/wp-content\/uploads\/2020\/10\/post-grid-3-440x440.jpg 440w, https:\/\/dm-vest.com\/wp-content\/uploads\/2020\/10\/post-grid-3-610x610.jpg 610w\" sizes=\"(max-width: 768px) 100vw, 768px\" \/><\/a>\n\t\t\t<\/dt><\/dl><dl class='gallery-item'>\n\t\t\t<dt class='gallery-icon landscape'>\n\t\t\t\t<a data-elementor-open-lightbox=\"yes\" data-elementor-lightbox-slideshow=\"7153608\" data-elementor-lightbox-title=\"post-grid-9\" e-action-hash=\"#elementor-action%3Aaction%3Dlightbox%26settings%3DeyJpZCI6NDg3OCwidXJsIjoiaHR0cHM6XC9cL2RtLXZlc3QuY29tXC93cC1jb250ZW50XC91cGxvYWRzXC8yMDIwXC8xMFwvcG9zdC1ncmlkLTkuanBnIiwic2xpZGVzaG93IjoiNzE1MzYwOCJ9\" href='https:\/\/dm-vest.com\/wp-content\/uploads\/2020\/10\/post-grid-9.jpg'><img width=\"768\" height=\"768\" src=\"https:\/\/dm-vest.com\/wp-content\/uploads\/2020\/10\/post-grid-9.jpg\" class=\"attachment-full size-full\" alt=\"\" loading=\"lazy\" srcset=\"https:\/\/dm-vest.com\/wp-content\/uploads\/2020\/10\/post-grid-9.jpg 768w, https:\/\/dm-vest.com\/wp-content\/uploads\/2020\/10\/post-grid-9-300x300.jpg 300w, https:\/\/dm-vest.com\/wp-content\/uploads\/2020\/10\/post-grid-9-150x150.jpg 150w, https:\/\/dm-vest.com\/wp-content\/uploads\/2020\/10\/post-grid-9-440x440.jpg 440w, https:\/\/dm-vest.com\/wp-content\/uploads\/2020\/10\/post-grid-9-610x610.jpg 610w\" sizes=\"(max-width: 768px) 100vw, 768px\" \/><\/a>\n\t\t\t<\/dt><\/dl><dl class='gallery-item'>\n\t\t\t<dt class='gallery-icon landscape'>\n\t\t\t\t<a data-elementor-open-lightbox=\"yes\" data-elementor-lightbox-slideshow=\"7153608\" data-elementor-lightbox-title=\"post-grid-1\" e-action-hash=\"#elementor-action%3Aaction%3Dlightbox%26settings%3DeyJpZCI6NDY2MSwidXJsIjoiaHR0cHM6XC9cL2RtLXZlc3QuY29tXC93cC1jb250ZW50XC91cGxvYWRzXC8yMDIwXC8xMFwvcG9zdC1ncmlkLTEuanBnIiwic2xpZGVzaG93IjoiNzE1MzYwOCJ9\" href='https:\/\/dm-vest.com\/wp-content\/uploads\/2020\/10\/post-grid-1.jpg'><img width=\"768\" height=\"768\" src=\"https:\/\/dm-vest.com\/wp-content\/uploads\/2020\/10\/post-grid-1.jpg\" class=\"attachment-full size-full\" alt=\"\" loading=\"lazy\" srcset=\"https:\/\/dm-vest.com\/wp-content\/uploads\/2020\/10\/post-grid-1.jpg 768w, https:\/\/dm-vest.com\/wp-content\/uploads\/2020\/10\/post-grid-1-300x300.jpg 300w, https:\/\/dm-vest.com\/wp-content\/uploads\/2020\/10\/post-grid-1-150x150.jpg 150w, https:\/\/dm-vest.com\/wp-content\/uploads\/2020\/10\/post-grid-1-440x440.jpg 440w, https:\/\/dm-vest.com\/wp-content\/uploads\/2020\/10\/post-grid-1-610x610.jpg 610w\" sizes=\"(max-width: 768px) 100vw, 768px\" \/><\/a>\n\t\t\t<\/dt><\/dl><br style=\"clear: both\" \/><dl class='gallery-item'>\n\t\t\t<dt class='gallery-icon landscape'>\n\t\t\t\t<a data-elementor-open-lightbox=\"yes\" data-elementor-lightbox-slideshow=\"7153608\" data-elementor-lightbox-title=\"post-grid-7\" e-action-hash=\"#elementor-action%3Aaction%3Dlightbox%26settings%3DeyJpZCI6NDg3NiwidXJsIjoiaHR0cHM6XC9cL2RtLXZlc3QuY29tXC93cC1jb250ZW50XC91cGxvYWRzXC8yMDIwXC8xMFwvcG9zdC1ncmlkLTcuanBnIiwic2xpZGVzaG93IjoiNzE1MzYwOCJ9\" href='https:\/\/dm-vest.com\/wp-content\/uploads\/2020\/10\/post-grid-7.jpg'><img width=\"768\" height=\"768\" src=\"https:\/\/dm-vest.com\/wp-content\/uploads\/2020\/10\/post-grid-7.jpg\" class=\"attachment-full size-full\" alt=\"\" loading=\"lazy\" srcset=\"https:\/\/dm-vest.com\/wp-content\/uploads\/2020\/10\/post-grid-7.jpg 768w, https:\/\/dm-vest.com\/wp-content\/uploads\/2020\/10\/post-grid-7-300x300.jpg 300w, https:\/\/dm-vest.com\/wp-content\/uploads\/2020\/10\/post-grid-7-150x150.jpg 150w, https:\/\/dm-vest.com\/wp-content\/uploads\/2020\/10\/post-grid-7-440x440.jpg 440w, https:\/\/dm-vest.com\/wp-content\/uploads\/2020\/10\/post-grid-7-610x610.jpg 610w\" sizes=\"(max-width: 768px) 100vw, 768px\" \/><\/a>\n\t\t\t<\/dt><\/dl><dl class='gallery-item'>\n\t\t\t<dt class='gallery-icon landscape'>\n\t\t\t\t<a data-elementor-open-lightbox=\"yes\" data-elementor-lightbox-slideshow=\"7153608\" data-elementor-lightbox-title=\"post-grid-4\" e-action-hash=\"#elementor-action%3Aaction%3Dlightbox%26settings%3DeyJpZCI6NDY2MywidXJsIjoiaHR0cHM6XC9cL2RtLXZlc3QuY29tXC93cC1jb250ZW50XC91cGxvYWRzXC8yMDIwXC8xMFwvcG9zdC1ncmlkLTQuanBnIiwic2xpZGVzaG93IjoiNzE1MzYwOCJ9\" href='https:\/\/dm-vest.com\/wp-content\/uploads\/2020\/10\/post-grid-4.jpg'><img width=\"768\" height=\"768\" src=\"https:\/\/dm-vest.com\/wp-content\/uploads\/2020\/10\/post-grid-4.jpg\" class=\"attachment-full size-full\" alt=\"\" loading=\"lazy\" srcset=\"https:\/\/dm-vest.com\/wp-content\/uploads\/2020\/10\/post-grid-4.jpg 768w, https:\/\/dm-vest.com\/wp-content\/uploads\/2020\/10\/post-grid-4-300x300.jpg 300w, https:\/\/dm-vest.com\/wp-content\/uploads\/2020\/10\/post-grid-4-150x150.jpg 150w, https:\/\/dm-vest.com\/wp-content\/uploads\/2020\/10\/post-grid-4-440x440.jpg 440w, https:\/\/dm-vest.com\/wp-content\/uploads\/2020\/10\/post-grid-4-610x610.jpg 610w\" sizes=\"(max-width: 768px) 100vw, 768px\" \/><\/a>\n\t\t\t<\/dt><\/dl><dl class='gallery-item'>\n\t\t\t<dt class='gallery-icon landscape'>\n\t\t\t\t<a data-elementor-open-lightbox=\"yes\" data-elementor-lightbox-slideshow=\"7153608\" data-elementor-lightbox-title=\"post-grid-5\" e-action-hash=\"#elementor-action%3Aaction%3Dlightbox%26settings%3DeyJpZCI6NDY2NCwidXJsIjoiaHR0cHM6XC9cL2RtLXZlc3QuY29tXC93cC1jb250ZW50XC91cGxvYWRzXC8yMDIwXC8xMFwvcG9zdC1ncmlkLTUuanBnIiwic2xpZGVzaG93IjoiNzE1MzYwOCJ9\" href='https:\/\/dm-vest.com\/wp-content\/uploads\/2020\/10\/post-grid-5.jpg'><img width=\"768\" height=\"768\" src=\"https:\/\/dm-vest.com\/wp-content\/uploads\/2020\/10\/post-grid-5.jpg\" class=\"attachment-full size-full\" alt=\"\" loading=\"lazy\" srcset=\"https:\/\/dm-vest.com\/wp-content\/uploads\/2020\/10\/post-grid-5.jpg 768w, https:\/\/dm-vest.com\/wp-content\/uploads\/2020\/10\/post-grid-5-300x300.jpg 300w, https:\/\/dm-vest.com\/wp-content\/uploads\/2020\/10\/post-grid-5-150x150.jpg 150w, https:\/\/dm-vest.com\/wp-content\/uploads\/2020\/10\/post-grid-5-440x440.jpg 440w, https:\/\/dm-vest.com\/wp-content\/uploads\/2020\/10\/post-grid-5-610x610.jpg 610w\" sizes=\"(max-width: 768px) 100vw, 768px\" \/><\/a>\n\t\t\t<\/dt><\/dl><br style=\"clear: both\" \/><dl class='gallery-item'>\n\t\t\t<dt class='gallery-icon landscape'>\n\t\t\t\t<a data-elementor-open-lightbox=\"yes\" data-elementor-lightbox-slideshow=\"7153608\" data-elementor-lightbox-title=\"post-grid-2\" e-action-hash=\"#elementor-action%3Aaction%3Dlightbox%26settings%3DeyJpZCI6NDg3MiwidXJsIjoiaHR0cHM6XC9cL2RtLXZlc3QuY29tXC93cC1jb250ZW50XC91cGxvYWRzXC8yMDIwXC8xMFwvcG9zdC1ncmlkLTIuanBnIiwic2xpZGVzaG93IjoiNzE1MzYwOCJ9\" href='https:\/\/dm-vest.com\/wp-content\/uploads\/2020\/10\/post-grid-2.jpg'><img width=\"768\" height=\"768\" src=\"https:\/\/dm-vest.com\/wp-content\/uploads\/2020\/10\/post-grid-2.jpg\" class=\"attachment-full size-full\" alt=\"\" loading=\"lazy\" srcset=\"https:\/\/dm-vest.com\/wp-content\/uploads\/2020\/10\/post-grid-2.jpg 768w, https:\/\/dm-vest.com\/wp-content\/uploads\/2020\/10\/post-grid-2-300x300.jpg 300w, https:\/\/dm-vest.com\/wp-content\/uploads\/2020\/10\/post-grid-2-150x150.jpg 150w, https:\/\/dm-vest.com\/wp-content\/uploads\/2020\/10\/post-grid-2-440x440.jpg 440w, https:\/\/dm-vest.com\/wp-content\/uploads\/2020\/10\/post-grid-2-610x610.jpg 610w\" sizes=\"(max-width: 768px) 100vw, 768px\" \/><\/a>\n\t\t\t<\/dt><\/dl><dl class='gallery-item'>\n\t\t\t<dt class='gallery-icon landscape'>\n\t\t\t\t<a data-elementor-open-lightbox=\"yes\" data-elementor-lightbox-slideshow=\"7153608\" data-elementor-lightbox-title=\"post-grid-6\" e-action-hash=\"#elementor-action%3Aaction%3Dlightbox%26settings%3DeyJpZCI6NDY2NSwidXJsIjoiaHR0cHM6XC9cL2RtLXZlc3QuY29tXC93cC1jb250ZW50XC91cGxvYWRzXC8yMDIwXC8xMFwvcG9zdC1ncmlkLTYuanBnIiwic2xpZGVzaG93IjoiNzE1MzYwOCJ9\" href='https:\/\/dm-vest.com\/wp-content\/uploads\/2020\/10\/post-grid-6.jpg'><img width=\"768\" height=\"768\" src=\"https:\/\/dm-vest.com\/wp-content\/uploads\/2020\/10\/post-grid-6.jpg\" class=\"attachment-full size-full\" alt=\"\" loading=\"lazy\" srcset=\"https:\/\/dm-vest.com\/wp-content\/uploads\/2020\/10\/post-grid-6.jpg 768w, https:\/\/dm-vest.com\/wp-content\/uploads\/2020\/10\/post-grid-6-300x300.jpg 300w, https:\/\/dm-vest.com\/wp-content\/uploads\/2020\/10\/post-grid-6-150x150.jpg 150w, https:\/\/dm-vest.com\/wp-content\/uploads\/2020\/10\/post-grid-6-440x440.jpg 440w, https:\/\/dm-vest.com\/wp-content\/uploads\/2020\/10\/post-grid-6-610x610.jpg 610w\" sizes=\"(max-width: 768px) 100vw, 768px\" \/><\/a>\n\t\t\t<\/dt><\/dl><dl class='gallery-item'>\n\t\t\t<dt class='gallery-icon landscape'>\n\t\t\t\t<a data-elementor-open-lightbox=\"yes\" data-elementor-lightbox-slideshow=\"7153608\" data-elementor-lightbox-title=\"post-grid-8\" e-action-hash=\"#elementor-action%3Aaction%3Dlightbox%26settings%3DeyJpZCI6NDg3NywidXJsIjoiaHR0cHM6XC9cL2RtLXZlc3QuY29tXC93cC1jb250ZW50XC91cGxvYWRzXC8yMDIwXC8xMFwvcG9zdC1ncmlkLTguanBnIiwic2xpZGVzaG93IjoiNzE1MzYwOCJ9\" href='https:\/\/dm-vest.com\/wp-content\/uploads\/2020\/10\/post-grid-8.jpg'><img width=\"768\" height=\"768\" src=\"https:\/\/dm-vest.com\/wp-content\/uploads\/2020\/10\/post-grid-8.jpg\" class=\"attachment-full size-full\" alt=\"\" loading=\"lazy\" srcset=\"https:\/\/dm-vest.com\/wp-content\/uploads\/2020\/10\/post-grid-8.jpg 768w, https:\/\/dm-vest.com\/wp-content\/uploads\/2020\/10\/post-grid-8-300x300.jpg 300w, https:\/\/dm-vest.com\/wp-content\/uploads\/2020\/10\/post-grid-8-150x150.jpg 150w, https:\/\/dm-vest.com\/wp-content\/uploads\/2020\/10\/post-grid-8-440x440.jpg 440w, https:\/\/dm-vest.com\/wp-content\/uploads\/2020\/10\/post-grid-8-610x610.jpg 610w\" sizes=\"(max-width: 768px) 100vw, 768px\" \/><\/a>\n\t\t\t<\/dt><\/dl><br style=\"clear: both\" \/>\n\t\t<\/div>\n\t\t<\/div>\n\t\t\t\t<\/div>\n\t\t\t\t<\/div>\n\t\t\t\t\t\t<\/div>\n\t\t\t\t\t<\/div>\n\t\t<\/div>\n\t\t\t\t\t\t\t\t<\/div>\n\t\t\t\t\t<\/div>\n\t\t<\/section>\n\t\t\t\t\t\t\t\t\t<\/div>\n\t\t\t<\/div>\n\t\t\t\t\t<\/div>","protected":false},"excerpt":{"rendered":"<p>Sobre n\u00f3s A DM-Vest \u00e9 uma empresa dedicada ao desenvolvimento de t\u00eaxteis de qualidade superior para os setores hoteleiro, hospitalar e outros. Com foco na inova\u00e7\u00e3o e qualidade e garantindo uma cuidadosa sele\u00e7\u00e3o de materiais, desenvolvemos linhas de cama, banho [&hellip;]<\/p>","protected":false},"author":2,"featured_media":0,"parent":0,"menu_order":0,"comment_status":"closed","ping_status":"closed","template":"","meta":[],"_links":{"self":[{"href":"https:\/\/dm-vest.com\/en\/wp-json\/wp\/v2\/pages\/5404"}],"collection":[{"href":"https:\/\/dm-vest.com\/en\/wp-json\/wp\/v2\/pages"}],"about":[{"href":"https:\/\/dm-vest.com\/en\/wp-json\/wp\/v2\/types\/page"}],"author":[{"embeddable":true,"href":"https:\/\/dm-vest.com\/en\/wp-json\/wp\/v2\/users\/2"}],"replies":[{"embeddable":true,"href":"https:\/\/dm-vest.com\/en\/wp-json\/wp\/v2\/comments?post=5404"}],"version-history":[{"count":23,"href":"https:\/\/dm-vest.com\/en\/wp-json\/wp\/v2\/pages\/5404\/revisions"}],"predecessor-version":[{"id":5692,"href":"https:\/\/dm-vest.com\/en\/wp-json\/wp\/v2\/pages\/5404\/revisions\/5692"}],"wp:attachment":[{"href":"https:\/\/dm-vest.com\/en\/wp-json\/wp\/v2\/media?parent=5404"}],"curies":[{"name":"wp","href":"https:\/\/api.w.org\/{rel}","templated":true}]}}