{"id":1668,"date":"2018-08-16T08:50:21","date_gmt":"2018-08-16T08:50:21","guid":{"rendered":"http:\/\/themes.themegoods.com\/architecturer\/demo\/?page_id=1668"},"modified":"2020-12-18T10:05:42","modified_gmt":"2020-12-18T10:05:42","slug":"showroom","status":"publish","type":"page","link":"https:\/\/dm-vest.com\/es\/showroom\/","title":{"rendered":"Showroom"},"content":{"rendered":"<div data-elementor-type=\"wp-post\" data-elementor-id=\"1668\" class=\"elementor elementor-1668\">\n\t\t\t\t\t\t<div class=\"elementor-inner\">\n\t\t\t\t<div class=\"elementor-section-wrap\">\n\t\t\t\t\t\t\t\t\t<section class=\"elementor-section elementor-top-section elementor-element elementor-element-64a2513 elementor-section-stretched elementor-section-full_width elementor-section-height-full elementor-section-height-default elementor-section-items-middle\" data-id=\"64a2513\" data-element_type=\"section\" data-settings=\"{&quot;stretch_section&quot;:&quot;section-stretched&quot;}\">\n\t\t\t\t\t\t<div class=\"elementor-container elementor-column-gap-default\">\n\t\t\t\t\t\t\t<div class=\"elementor-row\">\n\t\t\t\t\t<div class=\"elementor-column elementor-col-100 elementor-top-column elementor-element elementor-element-850bcdd\" data-id=\"850bcdd\" data-element_type=\"column\">\n\t\t\t<div class=\"elementor-column-wrap elementor-element-populated\">\n\t\t\t\t\t\t\t<div class=\"elementor-widget-wrap\">\n\t\t\t\t\t\t<div class=\"elementor-element elementor-element-e2c68e8 elementor-widget elementor-widget-photographer-slider-room\" data-id=\"e2c68e8\" data-element_type=\"widget\" data-widget_type=\"photographer-slider-room.default\">\n\t\t\t\t<div class=\"elementor-widget-container\">\n\t\t\t<div class=\"tg_room_slider_wrapper\">\n\t<div class=\"bg_overlay\"><\/div>\n\t\n\t<div class=\"container\">\n\t\t<div class=\"scroller\">\n\t\t<div class=\"room room--current\">\n\t\t\t\t\t\t\t<div class=\"room__side room__side--back\">\n\t\t\t\t\t\t\t\t\t<img class=\"room__img\" src=\"https:\/\/dm-vest.com\/wp-content\/uploads\/2020\/10\/post-grid-3.jpg\" alt=\"\"\/>\n\t\t\t\t\t\t\t\t\t\t\t\t\t<img class=\"room__img\" src=\"https:\/\/dm-vest.com\/wp-content\/uploads\/2020\/10\/post-grid-6.jpg\" alt=\"\"\/>\n\t\t\t\t\t\t\t\t<\/div>\n\t\t\t\t<div class=\"room__side room__side--left\">\n\t\t\t\t\t\t\t\t\t\t\t<img class=\"room__img\" src=\"https:\/\/dm-vest.com\/wp-content\/uploads\/2020\/10\/contactos.jpg\" alt=\"\"\/>\n\t\t\t\t\t\t\t\t\t\t\t\t\t\t\t\t<img class=\"room__img\" src=\"https:\/\/dm-vest.com\/wp-content\/uploads\/2020\/10\/post-grid-4.jpg\" alt=\"\"\/>\n\t\t\t\t\t\t\t\t\t\t\t\t\t\t\t\t<img class=\"room__img\" src=\"https:\/\/dm-vest.com\/wp-content\/uploads\/2020\/10\/post-grid-1.jpg\" alt=\"\"\/>\n\t\t\t\t\t\t\t\t\t<\/div>\n\t\t\t\t<div class=\"room__side room__side--right\">\n\t\t\t\t\t\t\t\t\t\t\t<img class=\"room__img\" src=\"https:\/\/dm-vest.com\/wp-content\/uploads\/2020\/10\/3-4.jpg\" alt=\"\"\/>\n\t\t\t\t\t\t\t\t\t\t\t\t\t\t\t\t<img class=\"room__img\" src=\"https:\/\/dm-vest.com\/wp-content\/uploads\/2020\/10\/4-4.jpg\" alt=\"\"\/>\n\t\t\t\t\t\t\t\t\t\t\t\t\t\t<\/div>\n\t\t\t\t<div class=\"room__side room__side--bottom\"><\/div>\n\t\t\t\t\t<\/div>\n\t\t<div class=\"room\">\n\t\t\t\t\t\t\t<div class=\"room__side room__side--back\">\n\t\t\t\t\t\t\t\t\t<img class=\"room__img\" src=\"https:\/\/dm-vest.com\/wp-content\/uploads\/2020\/10\/post-grid-5.jpg\" alt=\"\"\/>\n\t\t\t\t\t\t\t\t\t\t\t\t\t<img class=\"room__img\" src=\"https:\/\/dm-vest.com\/wp-content\/uploads\/2020\/10\/post-grid-2.jpg\" alt=\"\"\/>\n\t\t\t\t\t\t\t\t<\/div>\n\t\t\t\t<div class=\"room__side room__side--left\">\n\t\t\t\t\t\t\t\t\t\t\t<img class=\"room__img\" src=\"https:\/\/dm-vest.com\/wp-content\/uploads\/2020\/10\/post-grid-8.jpg\" alt=\"\"\/>\n\t\t\t\t\t\t\t\t\t\t\t\t\t\t\t\t<img class=\"room__img\" src=\"https:\/\/dm-vest.com\/wp-content\/uploads\/2020\/10\/post-grid-9.jpg\" alt=\"\"\/>\n\t\t\t\t\t\t\t\t\t\t\t\t\t\t\t\t<img class=\"room__img\" src=\"https:\/\/dm-vest.com\/wp-content\/uploads\/2020\/10\/post-grid-7.jpg\" alt=\"\"\/>\n\t\t\t\t\t\t\t\t\t<\/div>\n\t\t\t\t<div class=\"room__side room__side--right\">\n\t\t\t\t\t\t\t\t\t\t\t<img class=\"room__img\" src=\"https:\/\/dm-vest.com\/wp-content\/uploads\/2020\/10\/spa-768x489.jpg\" alt=\"\"\/>\n\t\t\t\t\t\t\t\t\t\t\t\t\t\t\t\t<img class=\"room__img\" src=\"https:\/\/dm-vest.com\/wp-content\/uploads\/2020\/12\/MG_4654-768x1152.jpg\" alt=\"\"\/>\n\t\t\t\t\t\t\t\t\t\t\t\t\t\t\t\t<img class=\"room__img\" src=\"https:\/\/dm-vest.com\/wp-content\/uploads\/2020\/12\/sa\u00eddas-de-banho-1-768x1024.jpg\" alt=\"\"\/>\n\t\t\t\t\t\t\t\t\t<\/div>\n\t\t\t\t<div class=\"room__side room__side--bottom\"><\/div>\n\t\t\t\t\t<\/div>\n\t\t<div class=\"room\">\n\t\t\t\t\t\t\t<div class=\"room__side room__side--back\">\n\t\t\t\t\t\t\t\t\t<img class=\"room__img\" src=\"https:\/\/dm-vest.com\/wp-content\/uploads\/2020\/12\/CORINTO_2-768x512.jpg\" alt=\"\"\/>\n\t\t\t\t\t\t\t\t\t\t\t\t\t<img class=\"room__img\" src=\"https:\/\/dm-vest.com\/wp-content\/uploads\/2020\/12\/mesa-768x489.jpg\" alt=\"\"\/>\n\t\t\t\t\t\t\t\t<\/div>\n\t\t\t\t<div class=\"room__side room__side--left\">\n\t\t\t\t\t\t\t\t\t\t\t<img class=\"room__img\" src=\"https:\/\/dm-vest.com\/wp-content\/uploads\/2020\/12\/SATEN-CUADRO_2-768x512.jpg\" alt=\"\"\/>\n\t\t\t\t\t\t\t\t\t\t\t\t\t\t\t\t<img class=\"room__img\" src=\"https:\/\/dm-vest.com\/wp-content\/uploads\/2020\/12\/mesa1-768x489.jpg\" alt=\"\"\/>\n\t\t\t\t\t\t\t\t\t\t\t\t\t\t\t\t<img class=\"room__img\" src=\"https:\/\/dm-vest.com\/wp-content\/uploads\/2020\/12\/BOREAL_2-768x512.jpg\" alt=\"\"\/>\n\t\t\t\t\t\t\t\t\t<\/div>\n\t\t\t\t<div class=\"room__side room__side--right\">\n\t\t\t\t\t\t\t\t\t\t\t<img class=\"room__img\" src=\"https:\/\/dm-vest.com\/wp-content\/uploads\/2020\/12\/SATEN-TABLE_2-768x512.jpg\" alt=\"\"\/>\n\t\t\t\t\t\t\t\t\t\t\t\t\t\t\t\t<img class=\"room__img\" src=\"https:\/\/dm-vest.com\/wp-content\/uploads\/2020\/12\/JARA_2-768x512.jpg\" alt=\"\"\/>\n\t\t\t\t\t\t\t\t\t\t\t\t\t\t<\/div>\n\t\t\t\t<div class=\"room__side room__side--bottom\"><\/div>\n\t\t\t\t\t<\/div>\n\n\t\t<\/div>\n\t<\/div>\n\t\n\t<div class=\"content\">\n\t\t<div class=\"slides\">\n\t\t<div class=\"slide\">\n\t\t\t<h2 class=\"slide__name\">Showroom Productos de cama<\/h2>\n\t\t\t<div class=\"slide__title\">\n\t\t\t\tCon un dise\u00f1o \u00fanico y cuidado en cada detalle, toda nuestra ropa de cama se realiza mediante una rigurosa selecci\u00f3n de materias primas para que todos nuestros art\u00edculos sean suaves y, al mismo tiempo, resistentes a lavados intensivos.\t\t\t<\/div>\n\t\t\t\t\t\t<p class=\"slide__date\"><a class=\"button\" href=\"https:\/\/dm-vest.com\/es\/showroom-produtos-cama\/\" >Explore Showroom<\/a><\/p>\n\t\t<\/div>\n\t\t<div class=\"slide\">\n\t\t\t<h2 class=\"slide__name\">Showroom Productos de ba\u00f1o<\/h2>\n\t\t\t<div class=\"slide__title\">\n\t\t\t\tLas colecciones de DM-Vest Swimwear se distinguen por su apuesta por la calidad de cuidados acabados, resistentes al uso y al lavado, que hacen que estos productos sean diferentes y les otorguen un toque inigualable.\t\t\t<\/div>\n\t\t\t\t\t\t<p class=\"slide__date\"><a class=\"button\" href=\"https:\/\/dm-vest.com\/es\/showroom-produtos-banho\/\" >Explore Showroom<\/a><\/p>\n\t\t<\/div>\n\t\t<div class=\"slide\">\n\t\t\t<h2 class=\"slide__name\">Showroom Tabla de productos<\/h2>\n\t\t\t<div class=\"slide__title\">\n\t\t\t\tNuestra l\u00ednea de manteler\u00eda fue dise\u00f1ada con el objetivo de crear un ambiente a la medida de las necesidades de cada espacio. Son colecciones con dise\u00f1o elegante y acabados personalizados para el sector hotelero que llenan armoniosamente el momento de la comida. \t\t\t<\/div>\n\t\t\t\t\t\t<p class=\"slide__date\"><a class=\"button\" href=\"https:\/\/dm-vest.com\/es\/showroom-produtos-mesa\/\" >Ver productos<\/a><\/p>\n\t\t<\/div>\n\t\t<\/div>\n\t\t\t\t\t<nav class=\"nav\">\n\t\t\t\t<button class=\"btn btn--nav btn--nav-left\">\n\t\t\t\t\t<i class=\"fa fa-long-arrow-left\"><\/i>\n\t\t\t\t<\/button>\n\t\t\t\t<button class=\"btn btn--nav btn--nav-right\">\n\t\t\t\t\t<i class=\"fa fa-long-arrow-right\"><\/i>\n\t\t\t\t<\/button>\n\t\t\t<\/nav>\n\t\t\t<\/div>\n\t<div class=\"overlay overlay--loader overlay--active\">\n\t\t<div class=\"loader\">\n\t\t\t<div><\/div>\n\t\t\t<div><\/div>\n\t\t\t<div><\/div>\n\t\t<\/div>\n\t<\/div>\n<\/div>\n\t\t<\/div>\n\t\t\t\t<\/div>\n\t\t\t\t\t\t<\/div>\n\t\t\t\t\t<\/div>\n\t\t<\/div>\n\t\t\t\t\t\t\t\t<\/div>\n\t\t\t\t\t<\/div>\n\t\t<\/section>\n\t\t\t\t\t\t\t\t\t<\/div>\n\t\t\t<\/div>\n\t\t\t\t\t<\/div>","protected":false},"excerpt":{"rendered":"<p>Showroom Produtos Cama Com um design \u00fanico e cuidado em todos os detalhes, toda a nossa roupa de cama \u00e9 feita atrav\u00e9s de uma sele\u00e7\u00e3o rigorosa de mat\u00e9rias primas para que todos os nossos artigos sejam suaves e, ao mesmo [&hellip;]<\/p>","protected":false},"author":1,"featured_media":0,"parent":0,"menu_order":0,"comment_status":"closed","ping_status":"closed","template":"","meta":[],"_links":{"self":[{"href":"https:\/\/dm-vest.com\/es\/wp-json\/wp\/v2\/pages\/1668"}],"collection":[{"href":"https:\/\/dm-vest.com\/es\/wp-json\/wp\/v2\/pages"}],"about":[{"href":"https:\/\/dm-vest.com\/es\/wp-json\/wp\/v2\/types\/page"}],"author":[{"embeddable":true,"href":"https:\/\/dm-vest.com\/es\/wp-json\/wp\/v2\/users\/1"}],"replies":[{"embeddable":true,"href":"https:\/\/dm-vest.com\/es\/wp-json\/wp\/v2\/comments?post=1668"}],"version-history":[{"count":20,"href":"https:\/\/dm-vest.com\/es\/wp-json\/wp\/v2\/pages\/1668\/revisions"}],"predecessor-version":[{"id":5350,"href":"https:\/\/dm-vest.com\/es\/wp-json\/wp\/v2\/pages\/1668\/revisions\/5350"}],"wp:attachment":[{"href":"https:\/\/dm-vest.com\/es\/wp-json\/wp\/v2\/media?parent=1668"}],"curies":[{"name":"wp","href":"https:\/\/api.w.org\/{rel}","templated":true}]}}